{"id":9769,"date":"2021-01-11T19:31:56","date_gmt":"2021-01-11T18:31:56","guid":{"rendered":"https:\/\/umjetnost-komunikacije.hr\/?page_id=9769"},"modified":"2022-08-16T00:10:35","modified_gmt":"2022-08-15T22:10:35","slug":"kamere-koje-zivot-znace","status":"publish","type":"page","link":"https:\/\/umjetnost-komunikacije.hr\/dev\/moduli\/kamere-koje-zivot-znace\/","title":{"rendered":"Kamere koje \u017eivot zna\u010de"},"content":{"rendered":"\t\t<div data-elementor-type=\"wp-page\" data-elementor-id=\"9769\" class=\"elementor elementor-9769\">\n\t\t\t\t\t\t\t\t\t<section class=\"elementor-section elementor-top-section elementor-element elementor-element-621653e elementor-section-boxed elementor-section-height-default elementor-section-height-default\" data-id=\"621653e\" data-element_type=\"section\">\n\t\t\t\t\t\t<div class=\"elementor-container elementor-column-gap-default\">\n\t\t\t\t\t<div class=\"elementor-column elementor-col-100 elementor-top-column elementor-element elementor-element-6c01833\" data-id=\"6c01833\" data-element_type=\"column\">\n\t\t\t<div class=\"elementor-widget-wrap elementor-element-populated\">\n\t\t\t\t\t\t\t\t<section class=\"elementor-section elementor-inner-section elementor-element elementor-element-e4d7263 elementor-section-boxed elementor-section-height-default elementor-section-height-default\" data-id=\"e4d7263\" data-element_type=\"section\">\n\t\t\t\t\t\t<div class=\"elementor-container elementor-column-gap-default\">\n\t\t\t\t\t<div class=\"elementor-column elementor-col-50 elementor-inner-column elementor-element elementor-element-ce20e08\" data-id=\"ce20e08\" data-element_type=\"column\">\n\t\t\t<div class=\"elementor-widget-wrap elementor-element-populated\">\n\t\t\t\t\t\t\t\t<div class=\"elementor-element elementor-element-b98fdb2 elementor-widget elementor-widget-image\" data-id=\"b98fdb2\" data-element_type=\"widget\" data-widget_type=\"image.default\">\n\t\t\t\t<div class=\"elementor-widget-container\">\n\t\t\t\t\t\t\t\t\t\t\t\t\t\t\t<img fetchpriority=\"high\" decoding=\"async\" width=\"640\" height=\"640\" src=\"https:\/\/umjetnost-komunikacije.hr\/dev\/wp-content\/uploads\/2021\/01\/Kamere-koje-zivot-znace.png\" class=\"attachment-large size-large wp-image-10206\" alt=\"\" srcset=\"https:\/\/umjetnost-komunikacije.hr\/dev\/wp-content\/uploads\/2021\/01\/Kamere-koje-zivot-znace.png 1000w, https:\/\/umjetnost-komunikacije.hr\/dev\/wp-content\/uploads\/2021\/01\/Kamere-koje-zivot-znace-300x300.png 300w, https:\/\/umjetnost-komunikacije.hr\/dev\/wp-content\/uploads\/2021\/01\/Kamere-koje-zivot-znace-150x150.png 150w, https:\/\/umjetnost-komunikacije.hr\/dev\/wp-content\/uploads\/2021\/01\/Kamere-koje-zivot-znace-768x768.png 768w\" sizes=\"(max-width: 640px) 100vw, 640px\" \/>\t\t\t\t\t\t\t\t\t\t\t\t\t\t\t<\/div>\n\t\t\t\t<\/div>\n\t\t\t\t\t<\/div>\n\t\t<\/div>\n\t\t\t\t<div class=\"elementor-column elementor-col-50 elementor-inner-column elementor-element elementor-element-30cc268\" data-id=\"30cc268\" data-element_type=\"column\">\n\t\t\t<div class=\"elementor-widget-wrap elementor-element-populated\">\n\t\t\t\t\t\t\t\t<div class=\"elementor-element elementor-element-dcfa92a elementor-widget elementor-widget-heading\" data-id=\"dcfa92a\" data-element_type=\"widget\" data-widget_type=\"heading.default\">\n\t\t\t\t<div class=\"elementor-widget-container\">\n\t\t\t<h2 class=\"elementor-heading-title elementor-size-default\">Kako se pripremiti za nastup u medijima?<\/h2>\t\t<\/div>\n\t\t\t\t<\/div>\n\t\t\t\t<div class=\"elementor-element elementor-element-464a5f5 elementor-widget elementor-widget-text-editor\" data-id=\"464a5f5\" data-element_type=\"widget\" data-widget_type=\"text-editor.default\">\n\t\t\t\t<div class=\"elementor-widget-container\">\n\t\t\t\t\t\t\t<p><i><span style=\"font-weight: 400;\">Uvijek je riskantno komunicirati s medijima, postoji \u0161ansa da prenesu ono \u0161to ste rekli!<\/span><\/i><\/p><p>,,Ma pitali su me kriva pitanja.\u201d<\/p><p><span style=\"font-weight: 400;\">,,Nisam znao da ce svjetlo biti tako&#8230;\u201d<\/span><\/p><p><span style=\"font-weight: 400;\">,,Uop\u0107e nisam to rekla!\u201d<\/span><\/p><p><span style=\"font-weight: 400;\">Znamo da je te\u0161ko za povjerovati, ali s dobrom pripremom i znanjem ovo su re\u010denice koje vi\u0161e nikad ne\u0107ete izgovoriti nakon susreta s medijima. Uostalom, ne samo u medijima ve\u0107 i u svakodnevici (\u010desto se na\u0111emo u situaciji da nam ,,stavljaju rije\u010di u usta\u201d, zar ne?). Mediji su svugdje oko nas i htjeli ili ne htjeli \u010dine va\u017enu kariku u dru\u0161tvu i oblikovanju mi\u0161ljenja publike. Pa za\u0161to onda ne bismo kamere okrenuli u svoju korist? Za\u0161to umjesto treme, nelagode i crvenjenja pred kamerama ne bismo jedva \u010dekali da do\u0111emo pred njih i istovremeno podignemo svoj ugled, ugled vlastitog brenda ili tvrtke u kojoj radimo?<\/span><\/p><p><span style=\"font-weight: 400;\">U ovom \u010detverosatnom modulu, osim teoretskog definiranja alata i tehnika medija, kroz prakti\u010dne primjere i vje\u017ebe otkrit \u0107emo sve male tajne velikih umjetnika pred kamerama. Osvjestit \u0107emo alate koji mogu postati glavni aduti za osvajanje kamera. O\u010dekujte neo\u010dekivano i uvijek se spremno do\u010dekajte na noge!\u00a0\u00a0<\/span><\/p><p><span style=\"font-weight: 400;\">Polaznici \u0107e nakon odslu\u0161anog modula mo\u0107i:\u00a0<\/span><\/p><ul><li style=\"font-weight: 400;\" aria-level=\"1\"><span style=\"font-weight: 400;\">izvje\u017ebati kako pripremiti poruku za publiku sa\u017eeto i jasno\u00a0<\/span><\/li><li style=\"font-weight: 400;\" aria-level=\"1\"><span style=\"font-weight: 400;\">osvijestit \u0107e se mogu\u0107i stilovi novinarskih postavljanja pitanja\u00a0<\/span><\/li><li style=\"font-weight: 400;\" aria-level=\"1\"><span style=\"font-weight: 400;\">definirati obilje\u017eja svakoga medija (od radija do pisanog intervjua) te kako iz svih njih izvu\u0107i maksimum<\/span><\/li><li style=\"font-weight: 400;\" aria-level=\"1\">\u2022 savladati vlastiti nastup &#8211; rije\u010di kojima se koristimo, volumen glasa, intenzitet prema mikrofonu, polo\u017eaj tijela prema kameri<\/li><\/ul><p><span style=\"font-weight: 400;\">Kamere, set, AKCIJA!<\/span><\/p><p><span style=\"font-weight: 400;\">Predava\u010dica: <strong><a href=\"https:\/\/umjetnost-komunikacije.hr\/dev\/treneri-i-predavaci\/katarina-madirazza\/\">Katarina Madirazza<\/a><\/strong><\/span><\/p>\t\t\t\t\t\t<\/div>\n\t\t\t\t<\/div>\n\t\t\t\t\t<\/div>\n\t\t<\/div>\n\t\t\t\t\t\t\t<\/div>\n\t\t<\/section>\n\t\t\t\t<section class=\"elementor-section elementor-inner-section elementor-element elementor-element-863b503 elementor-section-boxed elementor-section-height-default elementor-section-height-default\" data-id=\"863b503\" data-element_type=\"section\">\n\t\t\t\t\t\t<div class=\"elementor-container elementor-column-gap-default\">\n\t\t\t\t\t<div class=\"elementor-column elementor-col-50 elementor-inner-column elementor-element elementor-element-0a5b159\" data-id=\"0a5b159\" data-element_type=\"column\">\n\t\t\t<div class=\"elementor-widget-wrap\">\n\t\t\t\t\t\t\t\t\t<\/div>\n\t\t<\/div>\n\t\t\t\t<div class=\"elementor-column elementor-col-50 elementor-inner-column elementor-element elementor-element-d7a22cb\" data-id=\"d7a22cb\" data-element_type=\"column\">\n\t\t\t<div class=\"elementor-widget-wrap elementor-element-populated\">\n\t\t\t\t\t\t\t\t<div class=\"elementor-element elementor-element-55dbfd1 elementor-align-left elementor-widget elementor-widget-button\" data-id=\"55dbfd1\" data-element_type=\"widget\" data-widget_type=\"button.default\">\n\t\t\t\t<div class=\"elementor-widget-container\">\n\t\t\t\t\t<div class=\"elementor-button-wrapper\">\n\t\t\t<a class=\"elementor-button elementor-button-link elementor-size-sm\" href=\"https:\/\/umjetnost-komunikacije.hr\/dev\/upisi\/\">\n\t\t\t\t\t\t<span class=\"elementor-button-content-wrapper\">\n\t\t\t\t\t\t<span class=\"elementor-button-text\">PRIJAVA Govorni\u010dka akademija Demosten | Kamere koje \u017eivot zna\u010de<\/span>\n\t\t<\/span>\n\t\t\t\t\t<\/a>\n\t\t<\/div>\n\t\t\t\t<\/div>\n\t\t\t\t<\/div>\n\t\t\t\t\t<\/div>\n\t\t<\/div>\n\t\t\t\t\t\t\t<\/div>\n\t\t<\/section>\n\t\t\t\t\t<\/div>\n\t\t<\/div>\n\t\t\t\t\t\t\t<\/div>\n\t\t<\/section>\n\t\t\t\t\t\t\t<\/div>\n\t\t","protected":false},"excerpt":{"rendered":"<p>Kako se pripremiti za nastup u medijima? Uvijek je riskantno komunicirati s medijima, postoji \u0161ansa da prenesu ono \u0161to ste rekli! ,,Ma pitali su me kriva pitanja.\u201d ,,Nisam znao da ce svjetlo biti tako&#8230;\u201d ,,Uop\u0107e nisam to rekla!\u201d Znamo da &hellip; <\/p>\n","protected":false},"author":7,"featured_media":0,"parent":258,"menu_order":0,"comment_status":"closed","ping_status":"closed","template":"","meta":{"footnotes":""},"aioseo_notices":[],"_links":{"self":[{"href":"https:\/\/umjetnost-komunikacije.hr\/dev\/wp-json\/wp\/v2\/pages\/9769"}],"collection":[{"href":"https:\/\/umjetnost-komunikacije.hr\/dev\/wp-json\/wp\/v2\/pages"}],"about":[{"href":"https:\/\/umjetnost-komunikacije.hr\/dev\/wp-json\/wp\/v2\/types\/page"}],"author":[{"embeddable":true,"href":"https:\/\/umjetnost-komunikacije.hr\/dev\/wp-json\/wp\/v2\/users\/7"}],"replies":[{"embeddable":true,"href":"https:\/\/umjetnost-komunikacije.hr\/dev\/wp-json\/wp\/v2\/comments?post=9769"}],"version-history":[{"count":31,"href":"https:\/\/umjetnost-komunikacije.hr\/dev\/wp-json\/wp\/v2\/pages\/9769\/revisions"}],"predecessor-version":[{"id":13068,"href":"https:\/\/umjetnost-komunikacije.hr\/dev\/wp-json\/wp\/v2\/pages\/9769\/revisions\/13068"}],"up":[{"embeddable":true,"href":"https:\/\/umjetnost-komunikacije.hr\/dev\/wp-json\/wp\/v2\/pages\/258"}],"wp:attachment":[{"href":"https:\/\/umjetnost-komunikacije.hr\/dev\/wp-json\/wp\/v2\/media?parent=9769"}],"curies":[{"name":"wp","href":"https:\/\/api.w.org\/{rel}","templated":true}]}}