{"id":9864,"date":"2021-01-11T20:20:16","date_gmt":"2021-01-11T19:20:16","guid":{"rendered":"https:\/\/umjetnost-komunikacije.hr\/?page_id=9864"},"modified":"2021-02-25T10:11:45","modified_gmt":"2021-02-25T09:11:45","slug":"katarina-madirazza","status":"publish","type":"page","link":"https:\/\/umjetnost-komunikacije.hr\/dev\/nas-tim\/katarina-madirazza\/","title":{"rendered":"Katarina Madirazza"},"content":{"rendered":"\t\t<div data-elementor-type=\"wp-page\" data-elementor-id=\"9864\" class=\"elementor elementor-9864\">\n\t\t\t\t\t\t\t\t\t<section class=\"elementor-section elementor-top-section elementor-element elementor-element-4a6ab7e elementor-section-boxed elementor-section-height-default elementor-section-height-default\" data-id=\"4a6ab7e\" data-element_type=\"section\">\n\t\t\t\t\t\t<div class=\"elementor-container elementor-column-gap-default\">\n\t\t\t\t\t<div class=\"elementor-column elementor-col-100 elementor-top-column elementor-element elementor-element-fd54e93\" data-id=\"fd54e93\" data-element_type=\"column\">\n\t\t\t<div class=\"elementor-widget-wrap elementor-element-populated\">\n\t\t\t\t\t\t\t\t<section class=\"elementor-section elementor-inner-section elementor-element elementor-element-845fb2a elementor-section-boxed elementor-section-height-default elementor-section-height-default\" data-id=\"845fb2a\" data-element_type=\"section\">\n\t\t\t\t\t\t<div class=\"elementor-container elementor-column-gap-default\">\n\t\t\t\t\t<div class=\"elementor-column elementor-col-50 elementor-inner-column elementor-element elementor-element-a29a01b\" data-id=\"a29a01b\" data-element_type=\"column\">\n\t\t\t<div class=\"elementor-widget-wrap elementor-element-populated\">\n\t\t\t\t\t\t\t\t<div class=\"elementor-element elementor-element-a845511 eael-team-align-eael-team-align-default elementor-widget elementor-widget-eael-team-member\" data-id=\"a845511\" data-element_type=\"widget\" data-widget_type=\"eael-team-member.default\">\n\t\t\t\t<div class=\"elementor-widget-container\">\n\t\t\t\n\n\t<div id=\"eael-team-member-a845511\" class=\"eael-team-item eael-team-members-simple \">\n\t\t<div class=\"eael-team-item-inner\">\n\t\t\t<div class=\"eael-team-image\">\n\t\t\t\t<figure>\n\t\t\t\t\t<img decoding=\"async\" src=\"https:\/\/umjetnost-komunikacije.hr\/dev\/wp-content\/uploads\/2021\/01\/Katarina-Madirazza.png\" alt=\"\">\n\t\t\t\t<\/figure>\n\t\t\t\t\n\t\t\t\t\n\t\t\t<\/div>\n\n\t\t\t<div class=\"eael-team-content\">\n\t\t\t\t<h3 class=\"eael-team-member-name\"><\/h3>\n\t\t\t\t<h4 class=\"eael-team-member-position\"><\/h4>\n\n\t\t\t\t\t\t\t\t\t\t\t\t\t\t<p class=\"eael-team-text\"><\/p>\n\t\t\t\t\t\t\t<\/div>\n\t\t<\/div>\n\t<\/div>\n\t\t\t<\/div>\n\t\t\t\t<\/div>\n\t\t\t\t\t<\/div>\n\t\t<\/div>\n\t\t\t\t<div class=\"elementor-column elementor-col-50 elementor-inner-column elementor-element elementor-element-f93953e\" data-id=\"f93953e\" data-element_type=\"column\">\n\t\t\t<div class=\"elementor-widget-wrap elementor-element-populated\">\n\t\t\t\t\t\t\t\t<div class=\"elementor-element elementor-element-e159f04 elementor-widget elementor-widget-heading\" data-id=\"e159f04\" data-element_type=\"widget\" data-widget_type=\"heading.default\">\n\t\t\t\t<div class=\"elementor-widget-container\">\n\t\t\t<h2 class=\"elementor-heading-title elementor-size-default\"><a href=\"https:\/\/umjetnost-komunikacije.hr\/dev\/moduli\/kamere-koje-zivot-znace\/\">Kamere koje \u017eivot zna\u010de<\/a><\/h2>\t\t<\/div>\n\t\t\t\t<\/div>\n\t\t\t\t<div class=\"elementor-element elementor-element-a5ace9e elementor-widget elementor-widget-text-editor\" data-id=\"a5ace9e\" data-element_type=\"widget\" data-widget_type=\"text-editor.default\">\n\t\t\t\t<div class=\"elementor-widget-container\">\n\t\t\t\t\t\t\t<p><span style=\"font-weight: 400;\">Katarina Madirazza profesionalna je hrvatska kazali\u0161na, televizijska i filmska glumica, a \u010desto zna i doma odglumiti da joj nije dobro da se izvu\u010de od \u010di\u0161\u0107enja. U tome joj je pomoglo \u0161to je zavr\u0161ila Akademiju dramske umjetnosti u Zagrebu i Pra\u0161ku filmsku \u0161kolu. Godine 2013. zapo\u010dela je svoje aktivno profesionalno gluma\u010dko djelovanje. Broji mnogo glavnih uloga u televizijskim serijama i predstavama, \u0161to zna\u010di da je stala ispred mnogo kamera te svoje trikove prenosi polaznicima Govorni\u010dke akademije Demosten u modulu <a href=\"https:\/\/umjetnost-komunikacije.hr\/dev\/moduli\/kamere-koje-zivot-znace\/\">,,Kamere koje \u017eivot zna\u010de\u201d<\/a>.\u00a0<\/span><\/p><p><span style=\"font-weight: 400;\">Rijetko tko se mo\u017ee pohvaliti da je u svojoj karijeri bio frizerka (,,Ko te \u0161i\u0161a\u201d) ,grobarka (,,Dar mar\u201d), gimnasti\u010darka (,,Na terapiji\u201d) i kliza\u010dica (,,Po\u010divali u miru\u201d). Ali voli ona i daske koje \u017eivot zna\u010de. Bila je \u010dlanica ansambla gradskog kazali\u0161ta Zorin dom do 2017. godine, igrala u Hrvatskom Narodnom kazali\u0161tu u Zagrebu, teatru ITD, dje\u010djem kazali\u0161tu Dubrava\u2026 Tako\u0111er gradi i internacionalnu karijeru (mora iskoristiti sve te jezike koje govori) glume\u0107i u brojnim stranim projektima od kojih su mnogi nagra\u0111ivani po velikim svjetskim festivalima. Neki od poznatijih projekata su \u201eWinnetou &amp; Old Shatterhand\u201c, \u201eCrossing Lines\u201d, \u201eHartwig Seler\u201d, \u201eBig City Fever\u201c, \u201eArene\u201d.<\/span><\/p><p><span style=\"font-weight: 400;\">Neprestano radi na sebi te usavr\u0161ava svoje znanje poha\u0111aju\u0107i brojne gluma\u010dke radionice, primljena je\u00a0 i sudjelovala je na Sarajevo Talentsu u sklopu Sarajevo Film Festivala, a usavr\u0161ava ga i tako da poha\u0111a te\u010dajeve koje nemaju veze s glumom. Naprimjer, te\u010daj lon\u010darskog kola, te\u010daj gledanja filmova, te\u010daj planinarenja i te\u010daj finog papanja. Od 2017. godine djeluje kao samostalni umjetnik i posve\u0107ena je stvaranju autorskih projekata i sudjelovanju u istima.<\/span><\/p><p>Strastvena je u svemu \u0161to radi, a to uklju\u010duje i Demostenova predavanja s kojih vas ne\u0107e pustiti dok nije sigurna da vam je prenijela sve sto zna!<\/p><p><span style=\"font-weight: 400;\">Ako \u017eelite u\u017eivati pod svjetlima reflektora, kliknite<\/span> <a href=\"https:\/\/umjetnost-komunikacije.hr\/dev\/upisi\/\"><b>ovdje<\/b><\/a>!<\/p>\t\t\t\t\t\t<\/div>\n\t\t\t\t<\/div>\n\t\t\t\t\t<\/div>\n\t\t<\/div>\n\t\t\t\t\t\t\t<\/div>\n\t\t<\/section>\n\t\t\t\t\t<\/div>\n\t\t<\/div>\n\t\t\t\t\t\t\t<\/div>\n\t\t<\/section>\n\t\t\t\t\t\t\t<\/div>\n\t\t","protected":false},"excerpt":{"rendered":"<p>Kamere koje \u017eivot zna\u010de Katarina Madirazza profesionalna je hrvatska kazali\u0161na, televizijska i filmska glumica, a \u010desto zna i doma odglumiti da joj nije dobro da se izvu\u010de od \u010di\u0161\u0107enja. U tome joj je pomoglo \u0161to je zavr\u0161ila Akademiju dramske umjetnosti &hellip; <\/p>\n","protected":false},"author":7,"featured_media":0,"parent":262,"menu_order":0,"comment_status":"closed","ping_status":"closed","template":"","meta":{"footnotes":""},"aioseo_notices":[],"_links":{"self":[{"href":"https:\/\/umjetnost-komunikacije.hr\/dev\/wp-json\/wp\/v2\/pages\/9864"}],"collection":[{"href":"https:\/\/umjetnost-komunikacije.hr\/dev\/wp-json\/wp\/v2\/pages"}],"about":[{"href":"https:\/\/umjetnost-komunikacije.hr\/dev\/wp-json\/wp\/v2\/types\/page"}],"author":[{"embeddable":true,"href":"https:\/\/umjetnost-komunikacije.hr\/dev\/wp-json\/wp\/v2\/users\/7"}],"replies":[{"embeddable":true,"href":"https:\/\/umjetnost-komunikacije.hr\/dev\/wp-json\/wp\/v2\/comments?post=9864"}],"version-history":[{"count":25,"href":"https:\/\/umjetnost-komunikacije.hr\/dev\/wp-json\/wp\/v2\/pages\/9864\/revisions"}],"predecessor-version":[{"id":11536,"href":"https:\/\/umjetnost-komunikacije.hr\/dev\/wp-json\/wp\/v2\/pages\/9864\/revisions\/11536"}],"up":[{"embeddable":true,"href":"https:\/\/umjetnost-komunikacije.hr\/dev\/wp-json\/wp\/v2\/pages\/262"}],"wp:attachment":[{"href":"https:\/\/umjetnost-komunikacije.hr\/dev\/wp-json\/wp\/v2\/media?parent=9864"}],"curies":[{"name":"wp","href":"https:\/\/api.w.org\/{rel}","templated":true}]}}